{"id":15,"date":"2025-11-25T08:37:21","date_gmt":"2025-11-25T11:37:21","guid":{"rendered":"https:\/\/www.catalystgrowth.app\/wp\/?page_id=15"},"modified":"2026-04-08T13:52:38","modified_gmt":"2026-04-08T16:52:38","slug":"estrategia-multi-placement","status":"publish","type":"page","link":"https:\/\/catalystgrowth.app\/cases\/estrategia-multi-placement\/","title":{"rendered":"Estrat\u00e9gia Multi-Placement"},"content":{"rendered":"\t\t<div data-elementor-type=\"wp-page\" data-elementor-id=\"15\" class=\"elementor elementor-15\">\n\t\t\t\t<div class=\"elementor-element elementor-element-9b076bb e-con-full e-flex e-con e-parent\" data-id=\"9b076bb\" data-element_type=\"container\" data-e-type=\"container\" data-settings=\"{&quot;background_background&quot;:&quot;classic&quot;}\">\n\t\t<div class=\"elementor-element elementor-element-e8ee008 e-grid e-con-full e-con e-child\" data-id=\"e8ee008\" data-element_type=\"container\" data-e-type=\"container\">\n\t\t\t\t<div class=\"elementor-element elementor-element-b57736c elementor-widget elementor-widget-image\" data-id=\"b57736c\" data-element_type=\"widget\" data-e-type=\"widget\" data-widget_type=\"image.default\">\n\t\t\t\t\t\t\t\t\t\t\t\t\t\t\t<img decoding=\"async\" width=\"300\" height=\"166\" src=\"https:\/\/catalystgrowth.app\/cases\/wp-content\/uploads\/2025\/11\/belo-300x166-1.png\" class=\"attachment-large size-large wp-image-27\" alt=\"\" \/>\t\t\t\t\t\t\t\t\t\t\t\t\t\t\t<\/div>\n\t\t\t\t<div class=\"elementor-element elementor-element-40eb03c elementor-widget elementor-widget-text-editor\" data-id=\"40eb03c\" data-element_type=\"widget\" data-e-type=\"widget\" data-widget_type=\"text-editor.default\">\n\t\t\t\t\t\t\t\t\t<h1 style=\"text-align: center;\"><span style=\"color: #ffffff;\">Estrat\u00e9gia Multi-Placement como Alavanca de Resultados<\/span><\/h1><p style=\"text-align: center;\"><span style=\"color: #ffffff;\">Como alcan\u00e7amos o 1\u00ba lugar na App Store Argentina e reduzimos o CPA em 80% para a Belo.<\/span><\/p>\t\t\t\t\t\t\t\t<\/div>\n\t\t\t\t<\/div>\n\t\t\t\t<\/div>\n\t\t<div class=\"elementor-element elementor-element-5fdd0c0 e-flex e-con-boxed e-con e-parent\" data-id=\"5fdd0c0\" data-element_type=\"container\" data-e-type=\"container\">\n\t\t\t\t\t<div class=\"e-con-inner\">\n\t\t<div class=\"elementor-element elementor-element-f87eee4 e-grid e-con-full e-con e-child\" data-id=\"f87eee4\" data-element_type=\"container\" data-e-type=\"container\">\n\t\t\t\t<div class=\"elementor-element elementor-element-0150cfe elementor-widget elementor-widget-text-editor\" data-id=\"0150cfe\" data-element_type=\"widget\" data-e-type=\"widget\" data-widget_type=\"text-editor.default\">\n\t\t\t\t\t\t\t\t\t<h1 style=\"text-align: left;\"><span style=\"color: #000000;\">O DESAFIO<\/span><\/h1><p style=\"text-align: left;\"><span style=\"color: #000000;\">O desafio da Belo era escalar a aquisi\u00e7\u00e3o de usu\u00e1rios em novos mercados, sem comprometer a efici\u00eancia dos custos (CPA) e, ao mesmo tempo, superar concorrentes estabelecidos na categoria de Finan\u00e7as da App Store.<\/span><\/p>\t\t\t\t\t\t\t\t<\/div>\n\t\t\t\t<div class=\"elementor-element elementor-element-8702a73 elementor-widget elementor-widget-text-editor\" data-id=\"8702a73\" data-element_type=\"widget\" data-e-type=\"widget\" data-widget_type=\"text-editor.default\">\n\t\t\t\t\t\t\t\t\t<h1 style=\"text-align: left;\"><span style=\"color: #000000;\">NOSSA SOLU\u00c7\u00c3O<\/span><\/h1><p style=\"text-align: left;\"><span style=\"color: #000000;\">Para manter a performance e a escala, implementamos uma <strong>estrat\u00e9gia multi-placement<\/strong>, diversificando os canais de aquisi\u00e7\u00e3o para incluir Today Tab, Search Tab e Product Pages. Essa abordagem permitiu um ganho estrat\u00e9gico de 23% e uma taxa de convers\u00e3o de instala\u00e7\u00e3o para KYC (Know Your Customer) acima de 60%.<\/span><\/p>\t\t\t\t\t\t\t\t<\/div>\n\t\t\t\t<\/div>\n\t\t\t\t\t<\/div>\n\t\t\t\t<\/div>\n\t\t<div class=\"elementor-element elementor-element-bb43d5d e-flex e-con-boxed e-con e-parent\" data-id=\"bb43d5d\" data-element_type=\"container\" data-e-type=\"container\" data-settings=\"{&quot;background_background&quot;:&quot;classic&quot;}\">\n\t\t\t\t\t<div class=\"e-con-inner\">\n\t\t\t\t<div class=\"elementor-element elementor-element-19793a7 elementor-widget elementor-widget-text-editor\" data-id=\"19793a7\" data-element_type=\"widget\" data-e-type=\"widget\" data-widget_type=\"text-editor.default\">\n\t\t\t\t\t\t\t\t\t<h2 style=\"text-align: center;\"><span style=\"color: #000000;\">Resultados Incr\u00edveis<\/span><\/h2>\t\t\t\t\t\t\t\t<\/div>\n\t\t<div class=\"elementor-element elementor-element-d563a43 e-con-full e-flex e-con e-child\" data-id=\"d563a43\" data-element_type=\"container\" data-e-type=\"container\" data-settings=\"{&quot;background_background&quot;:&quot;classic&quot;}\">\n\t\t<div class=\"elementor-element elementor-element-cdb0b8f e-grid e-con-full e-con e-child\" data-id=\"cdb0b8f\" data-element_type=\"container\" data-e-type=\"container\">\n\t\t\t\t<div class=\"elementor-element elementor-element-22c104e elementor-widget elementor-widget-text-editor\" data-id=\"22c104e\" data-element_type=\"widget\" data-e-type=\"widget\" data-widget_type=\"text-editor.default\">\n\t\t\t\t\t\t\t\t\t<style>\n  \/* Estilo padr\u00e3o (telas maiores) *\/\n  .result-box {\n    text-align: center;\n    font-family: sans-serif; \/* Opcional: ajuste para a fonte do seu site *\/\n  }\n  \n  .result__number {\n    font-size: 48px;\n    font-weight: bold;\n  }\n  \n  .result__description {\n    color: #000000;\n    font-size: 18px;\n    margin-top: 5px;\n  }\n\n  \/* Estilo responsivo (celulares at\u00e9 768px de largura) *\/\n  @media (max-width: 768px) {\n    .result__number {\n      font-size: 28px; \/* Reduz o tamanho do n\u00famero no mobile *\/\n    }\n    \n    .result__description {\n      font-size: 14px; \/* Reduz o texto descritivo no mobile *\/\n    }\n  }\n<\/style><h2 style=\"text-align: center;\"><span class=\"result__number\" style=\"color: #ff0000;\">80%<\/span><\/h2>\n<p class=\"result__description\" style=\"text-align: center;\"><span style=\"color: #000000;\">de redu\u00e7\u00e3o no Custo por Aquisi\u00e7\u00e3o (CPA)<\/span><\/p>\t\t\t\t\t\t\t\t<\/div>\n\t\t\t\t<div class=\"elementor-element elementor-element-cc54565 elementor-widget elementor-widget-text-editor\" data-id=\"cc54565\" data-element_type=\"widget\" data-e-type=\"widget\" data-widget_type=\"text-editor.default\">\n\t\t\t\t\t\t\t\t\t<h2 style=\"text-align: center;\"><span class=\"result__number\" style=\"color: #ff0000;\">1\u00ba Lugar<\/span><\/h2><p class=\"result__description\" style=\"text-align: center;\"><span style=\"color: #000000;\">na App Store Argentina em menos de 3 meses<\/span><\/p>\t\t\t\t\t\t\t\t<\/div>\n\t\t\t\t<div class=\"elementor-element elementor-element-8a04974 elementor-widget elementor-widget-text-editor\" data-id=\"8a04974\" data-element_type=\"widget\" data-e-type=\"widget\" data-widget_type=\"text-editor.default\">\n\t\t\t\t\t\t\t\t\t<h2 style=\"text-align: center;\"><span class=\"result__number\" style=\"color: #ff0000;\">&gt;60%<\/span><\/h2><p class=\"result__description\" style=\"text-align: center;\"><span style=\"color: #000000;\">de convers\u00e3o de Instala\u00e7\u00e3o para KYC<\/span><\/p>\t\t\t\t\t\t\t\t<\/div>\n\t\t\t\t<\/div>\n\t\t\t\t<\/div>\n\t\t\t\t\t<\/div>\n\t\t\t\t<\/div>\n\t\t<div class=\"elementor-element elementor-element-2c51026 e-con-full e-flex e-con e-parent\" data-id=\"2c51026\" data-element_type=\"container\" data-e-type=\"container\">\n\t\t<div class=\"elementor-element elementor-element-743b2a3 e-con-full e-flex e-con e-child\" data-id=\"743b2a3\" data-element_type=\"container\" data-e-type=\"container\" data-settings=\"{&quot;background_background&quot;:&quot;classic&quot;}\">\n\t\t<div class=\"elementor-element elementor-element-8580976 e-grid e-con-full e-con e-child\" data-id=\"8580976\" data-element_type=\"container\" data-e-type=\"container\">\n\t\t\t\t<div class=\"elementor-element elementor-element-bb83bf7 elementor-widget elementor-widget-image\" data-id=\"bb83bf7\" data-element_type=\"widget\" data-e-type=\"widget\" data-widget_type=\"image.default\">\n\t\t\t\t\t\t\t\t\t\t\t\t\t\t\t<img decoding=\"async\" width=\"150\" height=\"150\" src=\"https:\/\/catalystgrowth.app\/cases\/wp-content\/uploads\/2025\/11\/lucas-bachur-2-150x150.png\" class=\"attachment-thumbnail size-thumbnail wp-image-21\" alt=\"\" srcset=\"https:\/\/catalystgrowth.app\/cases\/wp-content\/uploads\/2025\/11\/lucas-bachur-2-150x150.png 150w, https:\/\/catalystgrowth.app\/cases\/wp-content\/uploads\/2025\/11\/lucas-bachur-2-300x300.png 300w, https:\/\/catalystgrowth.app\/cases\/wp-content\/uploads\/2025\/11\/lucas-bachur-2-768x768.png 768w, https:\/\/catalystgrowth.app\/cases\/wp-content\/uploads\/2025\/11\/lucas-bachur-2.png 800w\" sizes=\"(max-width: 150px) 100vw, 150px\" \/>\t\t\t\t\t\t\t\t\t\t\t\t\t\t\t<\/div>\n\t\t\t\t<div class=\"elementor-element elementor-element-108fb63 elementor-widget elementor-widget-text-editor\" data-id=\"108fb63\" data-element_type=\"widget\" data-e-type=\"widget\" data-widget_type=\"text-editor.default\">\n\t\t\t\t\t\t\t\t\t<p style=\"text-align: center;\"><span style=\"color: #ffffff;\"><em><strong>\u201cA equipe da Catalyst nos ajudou a escalar e maximizar nossos resultados desde o primeiro dia. Destaco a capacidade e qualidade da equipe, \u00e9 um prazer trabalhar com times assim.&nbsp;<\/strong><\/em><\/span><\/p><p style=\"text-align: center;\"><em style=\"color: rgb(255, 255, 255); font-weight: inherit;\"><strong>Encontramos um grande parceiro para continuar crescendo.\u201d<\/strong><\/em><\/p><p style=\"text-align: center;\"><span style=\"color: #ffffff;\">Lucas Bachur \u2022 Growth Analyst Belo<\/span><\/p>\t\t\t\t\t\t\t\t<\/div>\n\t\t\t\t<\/div>\n\t\t\t\t<\/div>\n\t\t\t\t<\/div>\n\t\t\t\t<\/div>\n\t\t","protected":false},"excerpt":{"rendered":"<p>Estrat\u00e9gia Multi-Placement como Alavanca de Resultados Como alcan\u00e7amos o 1\u00ba lugar na App Store Argentina e reduzimos o CPA em [&hellip;]<\/p>\n","protected":false},"author":1,"featured_media":0,"parent":0,"menu_order":0,"comment_status":"closed","ping_status":"closed","template":"","meta":{"_acf_changed":false,"site-sidebar-layout":"no-sidebar","site-content-layout":"","ast-site-content-layout":"full-width-container","site-content-style":"default","site-sidebar-style":"default","ast-global-header-display":"","ast-banner-title-visibility":"","ast-main-header-display":"","ast-hfb-above-header-display":"","ast-hfb-below-header-display":"","ast-hfb-mobile-header-display":"","site-post-title":"disabled","ast-breadcrumbs-content":"","ast-featured-img":"disabled","footer-sml-layout":"","theme-transparent-header-meta":"","adv-header-id-meta":"","stick-header-meta":"","header-above-stick-meta":"","header-main-stick-meta":"","header-below-stick-meta":"","astra-migrate-meta-layouts":"default","ast-page-background-enabled":"default","ast-page-background-meta":{"desktop":{"background-color":"var(--ast-global-color-5)","background-image":"","background-repeat":"repeat","background-position":"center center","background-size":"auto","background-attachment":"scroll","background-type":"","background-media":"","overlay-type":"","overlay-color":"","overlay-opacity":"","overlay-gradient":""},"tablet":{"background-color":"","background-image":"","background-repeat":"repeat","background-position":"center center","background-size":"auto","background-attachment":"scroll","background-type":"","background-media":"","overlay-type":"","overlay-color":"","overlay-opacity":"","overlay-gradient":""},"mobile":{"background-color":"","background-image":"","background-repeat":"repeat","background-position":"center center","background-size":"auto","background-attachment":"scroll","background-type":"","background-media":"","overlay-type":"","overlay-color":"","overlay-opacity":"","overlay-gradient":""}},"ast-content-background-meta":{"desktop":{"background-color":"var(--ast-global-color-4)","background-image":"","background-repeat":"repeat","background-position":"center center","background-size":"auto","background-attachment":"scroll","background-type":"","background-media":"","overlay-type":"","overlay-color":"","overlay-opacity":"","overlay-gradient":""},"tablet":{"background-color":"var(--ast-global-color-4)","background-image":"","background-repeat":"repeat","background-position":"center center","background-size":"auto","background-attachment":"scroll","background-type":"","background-media":"","overlay-type":"","overlay-color":"","overlay-opacity":"","overlay-gradient":""},"mobile":{"background-color":"var(--ast-global-color-4)","background-image":"","background-repeat":"repeat","background-position":"center center","background-size":"auto","background-attachment":"scroll","background-type":"","background-media":"","overlay-type":"","overlay-color":"","overlay-opacity":"","overlay-gradient":""}},"footnotes":""},"class_list":["post-15","page","type-page","status-publish","hentry"],"acf":[],"_links":{"self":[{"href":"https:\/\/catalystgrowth.app\/cases\/wp-json\/wp\/v2\/pages\/15","targetHints":{"allow":["GET"]}}],"collection":[{"href":"https:\/\/catalystgrowth.app\/cases\/wp-json\/wp\/v2\/pages"}],"about":[{"href":"https:\/\/catalystgrowth.app\/cases\/wp-json\/wp\/v2\/types\/page"}],"author":[{"embeddable":true,"href":"https:\/\/catalystgrowth.app\/cases\/wp-json\/wp\/v2\/users\/1"}],"replies":[{"embeddable":true,"href":"https:\/\/catalystgrowth.app\/cases\/wp-json\/wp\/v2\/comments?post=15"}],"version-history":[{"count":28,"href":"https:\/\/catalystgrowth.app\/cases\/wp-json\/wp\/v2\/pages\/15\/revisions"}],"predecessor-version":[{"id":132,"href":"https:\/\/catalystgrowth.app\/cases\/wp-json\/wp\/v2\/pages\/15\/revisions\/132"}],"wp:attachment":[{"href":"https:\/\/catalystgrowth.app\/cases\/wp-json\/wp\/v2\/media?parent=15"}],"curies":[{"name":"wp","href":"https:\/\/api.w.org\/{rel}","templated":true}]}}