{"id":79,"date":"2026-04-08T09:12:53","date_gmt":"2026-04-08T12:12:53","guid":{"rendered":"https:\/\/catalystgrowth.app\/cases\/?page_id=79"},"modified":"2026-04-08T13:49:43","modified_gmt":"2026-04-08T16:49:43","slug":"case-rentcars","status":"publish","type":"page","link":"https:\/\/catalystgrowth.app\/cases\/case-rentcars\/","title":{"rendered":"Case Rentcars"},"content":{"rendered":"\t\t<div data-elementor-type=\"wp-page\" data-elementor-id=\"79\" class=\"elementor elementor-79\">\n\t\t\t\t<div class=\"elementor-element elementor-element-9b076bb e-con-full e-flex e-con e-parent\" data-id=\"9b076bb\" data-element_type=\"container\" data-e-type=\"container\" data-settings=\"{&quot;background_background&quot;:&quot;classic&quot;}\">\n\t\t<div class=\"elementor-element elementor-element-e8ee008 e-grid e-con-full e-con e-child\" data-id=\"e8ee008\" data-element_type=\"container\" data-e-type=\"container\">\n\t\t\t\t<div class=\"elementor-element elementor-element-59b20dc elementor-widget elementor-widget-image\" data-id=\"59b20dc\" data-element_type=\"widget\" data-e-type=\"widget\" data-widget_type=\"image.default\">\n\t\t\t\t\t\t\t\t\t\t\t\t\t\t\t<img fetchpriority=\"high\" decoding=\"async\" width=\"948\" height=\"525\" src=\"https:\/\/catalystgrowth.app\/cases\/wp-content\/uploads\/2026\/04\/rentcars-logo.png\" class=\"attachment-large size-large wp-image-82\" alt=\"\" srcset=\"https:\/\/catalystgrowth.app\/cases\/wp-content\/uploads\/2026\/04\/rentcars-logo.png 948w, https:\/\/catalystgrowth.app\/cases\/wp-content\/uploads\/2026\/04\/rentcars-logo-300x166.png 300w, https:\/\/catalystgrowth.app\/cases\/wp-content\/uploads\/2026\/04\/rentcars-logo-768x425.png 768w\" sizes=\"(max-width: 948px) 100vw, 948px\" \/>\t\t\t\t\t\t\t\t\t\t\t\t\t\t\t<\/div>\n\t\t\t\t<div class=\"elementor-element elementor-element-40eb03c elementor-widget elementor-widget-text-editor\" data-id=\"40eb03c\" data-element_type=\"widget\" data-e-type=\"widget\" data-widget_type=\"text-editor.default\">\n\t\t\t\t\t\t\t\t\t<h1 style=\"text-align: center;\"><span style=\"color: #ffffff;\">Expans\u00e3o e Personaliza\u00e7\u00e3o em Apple Ads<\/span><\/h1><div><span style=\"color: #ffffff;\">\u00a0<\/span><\/div><p style=\"text-align: center;\"><span style=\"color: #ffffff;\">Como a Catalyst ajudou a Rentcars a escalar campanhas, incorporar novos formatos e otimizar a convers\u00e3o com controle de custo.<\/span><\/p><p style=\"text-align: center;\">\u00a0<\/p>\t\t\t\t\t\t\t\t<\/div>\n\t\t\t\t<\/div>\n\t\t\t\t<\/div>\n\t\t<div class=\"elementor-element elementor-element-5fdd0c0 e-flex e-con-boxed e-con e-parent\" data-id=\"5fdd0c0\" data-element_type=\"container\" data-e-type=\"container\">\n\t\t\t\t\t<div class=\"e-con-inner\">\n\t\t<div class=\"elementor-element elementor-element-f87eee4 e-grid e-con-full e-con e-child\" data-id=\"f87eee4\" data-element_type=\"container\" data-e-type=\"container\">\n\t\t\t\t<div class=\"elementor-element elementor-element-0150cfe elementor-widget elementor-widget-text-editor\" data-id=\"0150cfe\" data-element_type=\"widget\" data-e-type=\"widget\" data-widget_type=\"text-editor.default\">\n\t\t\t\t\t\t\t\t\t<h1 style=\"text-align: left;\"><span style=\"color: #000000;\">O DESAFIO<\/span><\/h1>\n<p style=\"text-align: left;\"><span style=\"color: #000000;\">Expandir a escala das campanhas de Apple Ads, incorporando novos formatos e estrat\u00e9gias de personaliza\u00e7\u00e3o, sem perder efici\u00eancia de convers\u00e3o e controle de custo.<\/span><\/p>\t\t\t\t\t\t\t\t<\/div>\n\t\t\t\t<div class=\"elementor-element elementor-element-8702a73 elementor-widget elementor-widget-text-editor\" data-id=\"8702a73\" data-element_type=\"widget\" data-e-type=\"widget\" data-widget_type=\"text-editor.default\">\n\t\t\t\t\t\t\t\t\t<h1 style=\"text-align: left;\"><span style=\"color: #000000;\">NOSSA SOLU\u00c7\u00c3O<\/span><\/h1><p style=\"text-align: left;\"><span style=\"color: #000000;\">A Catalyst impulsionou a transforma\u00e7\u00e3o da Rentcars em uma estrat\u00e9gia de crescimento mais ampla, inteligente e guiada por dados. Foram introduzidos novos placements, como Today Tab e Custom Product Pages, cuidadosamente selecionados para potencializar a descoberta e a convers\u00e3o do app. As Custom Product Pages se consolidaram como uma ferramenta essencial para maximizar resultados e personalizar a experi\u00eancia do usu\u00e1rio.<\/span><\/p>\t\t\t\t\t\t\t\t<\/div>\n\t\t\t\t<\/div>\n\t\t\t\t\t<\/div>\n\t\t\t\t<\/div>\n\t\t<div class=\"elementor-element elementor-element-bb43d5d e-flex e-con-boxed e-con e-parent\" data-id=\"bb43d5d\" data-element_type=\"container\" data-e-type=\"container\" data-settings=\"{&quot;background_background&quot;:&quot;classic&quot;}\">\n\t\t\t\t\t<div class=\"e-con-inner\">\n\t\t\t\t<div class=\"elementor-element elementor-element-19793a7 elementor-widget elementor-widget-text-editor\" data-id=\"19793a7\" data-element_type=\"widget\" data-e-type=\"widget\" data-widget_type=\"text-editor.default\">\n\t\t\t\t\t\t\t\t\t<h2 style=\"text-align: center;\"><span style=\"color: #000000;\">Resultados Incr\u00edveis<\/span><\/h2>\t\t\t\t\t\t\t\t<\/div>\n\t\t<div class=\"elementor-element elementor-element-d563a43 e-con-full e-flex e-con e-child\" data-id=\"d563a43\" data-element_type=\"container\" data-e-type=\"container\" data-settings=\"{&quot;background_background&quot;:&quot;classic&quot;}\">\n\t\t<div class=\"elementor-element elementor-element-cdb0b8f e-grid e-con-full e-con e-child\" data-id=\"cdb0b8f\" data-element_type=\"container\" data-e-type=\"container\">\n\t\t\t\t<div class=\"elementor-element elementor-element-22c104e elementor-widget elementor-widget-text-editor\" data-id=\"22c104e\" data-element_type=\"widget\" data-e-type=\"widget\" data-widget_type=\"text-editor.default\">\n\t\t\t\t\t\t\t\t\t<h2 style=\"text-align: center;\"><span class=\"result__number\">+11%<br \/><\/span><\/h2><p style=\"text-align: center;\"><span style=\"color: #000000;\">crescimento no share de impress\u00f5es (Branded e Competitors)<\/span><\/p>\t\t\t\t\t\t\t\t<\/div>\n\t\t\t\t<div class=\"elementor-element elementor-element-cc54565 elementor-widget elementor-widget-text-editor\" data-id=\"cc54565\" data-element_type=\"widget\" data-e-type=\"widget\" data-widget_type=\"text-editor.default\">\n\t\t\t\t\t\t\t\t\t<h2 style=\"text-align: center;\"><span class=\"result__number\">+21%<br \/><\/span><\/h2><p class=\"result__description\" style=\"text-align: center;\"><span style=\"color: #000000;\">aumento na participa\u00e7\u00e3o em key-words de Categoria<\/span><\/p>\t\t\t\t\t\t\t\t<\/div>\n\t\t\t\t<div class=\"elementor-element elementor-element-8a04974 elementor-widget elementor-widget-text-editor\" data-id=\"8a04974\" data-element_type=\"widget\" data-e-type=\"widget\" data-widget_type=\"text-editor.default\">\n\t\t\t\t\t\t\t\t\t<style>\n  \/* Estilo padr\u00e3o (telas maiores) *\/\n  .result-box {\n    text-align: center;\n    font-family: sans-serif; \/* Opcional: ajuste para a fonte do seu site *\/\n  }\n  \n  .result__number {\n    font-size: 48px;\n    font-weight: bold;\n  }\n  \n  .result__description {\n    color: #000000;\n    font-size: 18px;\n    margin-top: 5px;\n  }\n\n  \/* Estilo responsivo (celulares at\u00e9 768px de largura) *\/\n  @media (max-width: 768px) {\n    .result__number {\n      font-size: 28px; \/* Reduz o tamanho do n\u00famero no mobile *\/\n    }\n    \n    .result__description {\n      font-size: 14px; \/* Reduz o texto descritivo no mobile *\/\n    }\n  }\n<\/style>\n\n<div class=\"result-box\">\n  <h2><span class=\"result__number\">CVR 25%<\/span><\/h2>\n  <p class=\"result__description\">acima da m\u00e9dia<\/p>\n<\/div>\t\t\t\t\t\t\t\t<\/div>\n\t\t\t\t<div class=\"elementor-element elementor-element-4fa419a elementor-widget elementor-widget-text-editor\" data-id=\"4fa419a\" data-element_type=\"widget\" data-e-type=\"widget\" data-widget_type=\"text-editor.default\">\n\t\t\t\t\t\t\t\t\t<h2 style=\"text-align: center;\"><span class=\"result__number\">CPA 21%<\/span><\/h2>\n<p class=\"result__description\" style=\"text-align: center;\"><span style=\"color: #000000;\">mais baixo\n\n<\/span><\/p>\t\t\t\t\t\t\t\t<\/div>\n\t\t\t\t<\/div>\n\t\t\t\t<\/div>\n\t\t\t\t\t<\/div>\n\t\t\t\t<\/div>\n\t\t<div class=\"elementor-element elementor-element-2c51026 e-con-full e-flex e-con e-parent\" data-id=\"2c51026\" data-element_type=\"container\" data-e-type=\"container\">\n\t\t<div class=\"elementor-element elementor-element-743b2a3 e-con-full e-flex e-con e-child\" data-id=\"743b2a3\" data-element_type=\"container\" data-e-type=\"container\" data-settings=\"{&quot;background_background&quot;:&quot;classic&quot;}\">\n\t\t<div class=\"elementor-element elementor-element-8580976 e-grid e-con-full e-con e-child\" data-id=\"8580976\" data-element_type=\"container\" data-e-type=\"container\">\n\t\t\t\t<div class=\"elementor-element elementor-element-bb83bf7 elementor-widget elementor-widget-image\" data-id=\"bb83bf7\" data-element_type=\"widget\" data-e-type=\"widget\" data-widget_type=\"image.default\">\n\t\t\t\t\t\t\t\t\t\t\t\t\t\t\t<img decoding=\"async\" width=\"150\" height=\"150\" src=\"https:\/\/catalystgrowth.app\/cases\/wp-content\/uploads\/2026\/04\/andre-toledo-150x150.jpg\" class=\"attachment-thumbnail size-thumbnail wp-image-81\" alt=\"\" srcset=\"https:\/\/catalystgrowth.app\/cases\/wp-content\/uploads\/2026\/04\/andre-toledo-150x150.jpg 150w, https:\/\/catalystgrowth.app\/cases\/wp-content\/uploads\/2026\/04\/andre-toledo-300x300.jpg 300w, https:\/\/catalystgrowth.app\/cases\/wp-content\/uploads\/2026\/04\/andre-toledo-768x768.jpg 768w, https:\/\/catalystgrowth.app\/cases\/wp-content\/uploads\/2026\/04\/andre-toledo.jpg 800w\" sizes=\"(max-width: 150px) 100vw, 150px\" \/>\t\t\t\t\t\t\t\t\t\t\t\t\t\t\t<\/div>\n\t\t\t\t<div class=\"elementor-element elementor-element-108fb63 elementor-widget elementor-widget-text-editor\" data-id=\"108fb63\" data-element_type=\"widget\" data-e-type=\"widget\" data-widget_type=\"text-editor.default\">\n\t\t\t\t\t\t\t\t\t<p style=\"text-align: center;\"><span style=\"color: #ffffff;\">\u201cCom o apoio do time da Catalyst, desenvolvemos uma estrat\u00e9gia que introduziu novos placements e personaliza\u00e7\u00f5es nas lojas, ampliando o alcance, fortalecendo o reconhecimento da marca e, ao mesmo tempo, elevando a performance. Ficou evidente que investir em awareness tamb\u00e9m gera impacto direto em convers\u00e3o e efici\u00eancia.\u201d<\/span><\/p><p style=\"text-align: center;\"><span style=\"color: #ffffff;\"><b>Andr\u00e9 Toledo \u2022 Mobile Growth Specialist<\/b><\/span><\/p>\t\t\t\t\t\t\t\t<\/div>\n\t\t\t\t<\/div>\n\t\t\t\t<\/div>\n\t\t\t\t<\/div>\n\t\t\t\t<\/div>\n\t\t","protected":false},"excerpt":{"rendered":"<p>Expans\u00e3o e Personaliza\u00e7\u00e3o em Apple Ads \u00a0 Como a Catalyst ajudou a Rentcars a escalar campanhas, incorporar novos formatos e [&hellip;]<\/p>\n","protected":false},"author":1,"featured_media":0,"parent":0,"menu_order":0,"comment_status":"closed","ping_status":"closed","template":"","meta":{"_acf_changed":false,"site-sidebar-layout":"no-sidebar","site-content-layout":"","ast-site-content-layout":"full-width-container","site-content-style":"default","site-sidebar-style":"default","ast-global-header-display":"","ast-banner-title-visibility":"","ast-main-header-display":"","ast-hfb-above-header-display":"","ast-hfb-below-header-display":"","ast-hfb-mobile-header-display":"","site-post-title":"disabled","ast-breadcrumbs-content":"","ast-featured-img":"disabled","footer-sml-layout":"","theme-transparent-header-meta":"","adv-header-id-meta":"","stick-header-meta":"","header-above-stick-meta":"","header-main-stick-meta":"","header-below-stick-meta":"","astra-migrate-meta-layouts":"default","ast-page-background-enabled":"default","ast-page-background-meta":{"desktop":{"background-color":"var(--ast-global-color-5)","background-image":"","background-repeat":"repeat","background-position":"center center","background-size":"auto","background-attachment":"scroll","background-type":"","background-media":"","overlay-type":"","overlay-color":"","overlay-opacity":"","overlay-gradient":""},"tablet":{"background-color":"","background-image":"","background-repeat":"repeat","background-position":"center center","background-size":"auto","background-attachment":"scroll","background-type":"","background-media":"","overlay-type":"","overlay-color":"","overlay-opacity":"","overlay-gradient":""},"mobile":{"background-color":"","background-image":"","background-repeat":"repeat","background-position":"center center","background-size":"auto","background-attachment":"scroll","background-type":"","background-media":"","overlay-type":"","overlay-color":"","overlay-opacity":"","overlay-gradient":""}},"ast-content-background-meta":{"desktop":{"background-color":"var(--ast-global-color-4)","background-image":"","background-repeat":"repeat","background-position":"center center","background-size":"auto","background-attachment":"scroll","background-type":"","background-media":"","overlay-type":"","overlay-color":"","overlay-opacity":"","overlay-gradient":""},"tablet":{"background-color":"var(--ast-global-color-4)","background-image":"","background-repeat":"repeat","background-position":"center center","background-size":"auto","background-attachment":"scroll","background-type":"","background-media":"","overlay-type":"","overlay-color":"","overlay-opacity":"","overlay-gradient":""},"mobile":{"background-color":"var(--ast-global-color-4)","background-image":"","background-repeat":"repeat","background-position":"center center","background-size":"auto","background-attachment":"scroll","background-type":"","background-media":"","overlay-type":"","overlay-color":"","overlay-opacity":"","overlay-gradient":""}},"footnotes":""},"class_list":["post-79","page","type-page","status-publish","hentry"],"acf":[],"_links":{"self":[{"href":"https:\/\/catalystgrowth.app\/cases\/wp-json\/wp\/v2\/pages\/79","targetHints":{"allow":["GET"]}}],"collection":[{"href":"https:\/\/catalystgrowth.app\/cases\/wp-json\/wp\/v2\/pages"}],"about":[{"href":"https:\/\/catalystgrowth.app\/cases\/wp-json\/wp\/v2\/types\/page"}],"author":[{"embeddable":true,"href":"https:\/\/catalystgrowth.app\/cases\/wp-json\/wp\/v2\/users\/1"}],"replies":[{"embeddable":true,"href":"https:\/\/catalystgrowth.app\/cases\/wp-json\/wp\/v2\/comments?post=79"}],"version-history":[{"count":15,"href":"https:\/\/catalystgrowth.app\/cases\/wp-json\/wp\/v2\/pages\/79\/revisions"}],"predecessor-version":[{"id":114,"href":"https:\/\/catalystgrowth.app\/cases\/wp-json\/wp\/v2\/pages\/79\/revisions\/114"}],"wp:attachment":[{"href":"https:\/\/catalystgrowth.app\/cases\/wp-json\/wp\/v2\/media?parent=79"}],"curies":[{"name":"wp","href":"https:\/\/api.w.org\/{rel}","templated":true}]}}